{"id":12,"date":"2023-05-03T21:28:57","date_gmt":"2023-05-03T19:28:57","guid":{"rendered":"http:\/\/www.artetpeinture.com\/?page_id=12"},"modified":"2024-11-12T10:40:23","modified_gmt":"2024-11-12T09:40:23","slug":"accueil","status":"publish","type":"page","link":"https:\/\/www.artetpeinture.com\/","title":{"rendered":"Accueil"},"content":{"rendered":"<ul>\n<li>\n<p>        <img decoding=\"async\" src=\"\/wp-content\/uploads\/2023\/07\/unikalo.jpg\" alt=\"Unikalo distibu\u00e9 par Art et Peinture en Guyanne\"><\/p>\n<h3>Unikalo<\/h3>\n<div>\n<p style=\"text-shadow: 6px 6px 25px rgba(0,0,0,0.55);\"><strong>Votre distributeur Unikalo en Guyane<br \/><\/strong><\/p>\n<\/div>\n<p><a href=\"https:\/\/www.unikalo.com\">www.unikalo.com<\/a><\/p>\n<\/li>\n<li>\n<p>        <img decoding=\"async\" src=\"\/wp-content\/uploads\/2023\/05\/unikalo-homez.webp\" alt=\"Unikalo distibu\u00e9 par Art et Peinture en Guyanne\"><\/p>\n<h3>Unikalo<\/h3>\n<div>\n<p style=\"text-shadow: 6px 6px 25px rgba(0,0,0,0.55);\"><strong>Votre distributeur Unikalo en Guyane<br \/><\/strong><\/p>\n<\/div>\n<p><a href=\"https:\/\/www.unikalo.com\">www.unikalo.com<\/a><\/p>\n<\/li>\n<\/ul>\n<ul>\n<li>\n<p>        <img decoding=\"async\" src=\"\/wp-content\/uploads\/2023\/07\/unikalo.jpg\" alt=\"Unikalo distibu\u00e9 par Art et Peinture en Guyanne\"><\/p>\n<h3>Unikalo<\/h3>\n<div>\n<p style=\"text-shadow: 6px 6px 25px rgba(0,0,0,0.55);\"><strong>Votre distributeur Unikalo en Guyane<\/strong><\/p>\n<\/div>\n<p><a href=\"https:\/\/www.unikalo.com\">www.unikalo.com<\/a><\/p>\n<\/li>\n<li>\n<p>        <img decoding=\"async\" src=\"\/wp-content\/uploads\/2023\/05\/unikalo-homez.webp\" alt=\"Unikalo distibu\u00e9 par Art et Peinture en Guyanne\"><\/p>\n<h3>Unikalo<\/h3>\n<div>\n<p style=\"text-shadow: 6px 6px 25px rgba(0,0,0,0.55);\"><strong>Votre distributeur Unikalo en Guyane<\/strong><\/p>\n<\/div>\n<p><a href=\"https:\/\/www.unikalo.com\">www.unikalo.com<\/a><\/p>\n<\/li>\n<\/ul>\n<h2>Besoin d&rsquo;un conseil en peinture ?<\/h2>\n<div>\n<p><strong>Art &amp; Peinture<\/strong>, sp\u00e9cialiste peinture et d\u00e9co, saura vous accueillir avec des <strong>conseils<\/strong> <strong>couleurs<\/strong>, <strong>peinture<\/strong>, <strong>enduits<\/strong>, <strong>pinceaux<\/strong> et <strong>rouleaux<\/strong>. Nous sommes un distributeur ind\u00e9pendant et avons choisi <a href=\"https:\/\/unikalo.com\/\">Unikalo<\/a>, le <strong>1<sup>er<\/sup> fabricant fran\u00e7ais ind\u00e9pendant de Peinture B\u00e2timent<\/strong>.<\/p>\n<p>Nous avons s\u00e9lectionn\u00e9 pour vous les produits les plus adapt\u00e9s \u00e0 notre climat:<\/p>\n<ul>\n<li>R\u00e9sistance max aux UV<\/li>\n<li>R\u00e9sistance max aux Intemp\u00e9ries et \u00e0 l&rsquo;humidit\u00e9.<\/li>\n<\/ul>\n<\/div>\n<div>\n<p><strong>A tr\u00e8s vite dans\u00a0votre\u00a0magasin.<\/strong><\/p>\n<\/div>\n<ul>\n<li>\n<p>        <img decoding=\"async\" src=\"\/wp-content\/uploads\/2023\/05\/pexels-anete-lusina-4792532-scaled.jpg\" alt=\"\"><\/p>\n<\/li>\n<li>\n<p>        <img decoding=\"async\" src=\"\/wp-content\/uploads\/2023\/05\/pexels-vlada-karpovich-7031624-scaled.jpg\" alt=\"\"><\/p>\n<\/li>\n<li>\n<p>        <img decoding=\"async\" src=\"\/wp-content\/uploads\/2023\/05\/pexels-moussa-idrissi-15531195-scaled.jpg\" alt=\"\"><\/p>\n<\/li>\n<li>\n<p>        <img decoding=\"async\" src=\"\/wp-content\/uploads\/2023\/05\/pexels-ksenia-chernaya-5691597-scaled.jpg\" alt=\"\"><\/p>\n<\/li>\n<li>\n<p>        <img decoding=\"async\" src=\"\/wp-content\/uploads\/2023\/05\/pexels-rfstudio-3817657-scaled.jpg\" alt=\"\"><\/p>\n<\/li>\n<\/ul>\n<div>\n<p>4.90097,-52.32813<\/p>\n<h6>Art et Peinture<\/h6>\n<div>\n<p>Distributeur Unikalo<\/p>\n<\/div>\n<\/div>\n<h2>Nous trouver.<\/h2>\n<div>\n<p>Nous sommes situ\u00e9s en plein c\u0153ur de Cayenne, n\u2019h\u00e9sitez pas \u00e0 nous ajouter\u00a0 \u00e0 votre carnet d\u2019adresses, \u00e0 tr\u00e8s vite.<\/p>\n<\/div>\n<div>\n<p><strong>Art et Peinture<\/strong><br \/>20 rue Gilles B\u00e9hary ZI collery 2 <br \/>97300 Cayenne<\/p>\n<\/div>\n<div>\n<p>Art et Peinture vous accueille du<strong> lundi au vendredi<\/strong> de <strong>7h \u00e0 17h<\/strong> et le <strong>samedi<\/strong> de<strong> 9h \u00e0 17h<\/strong>.<\/p>\n<\/div>\n<h2>Nous contacter.<\/h2>\n<div>\n<p>Ici, vous pouvez demander des renseignements, <br \/>des informations, r\u00e9aliser des pr\u00e9commandes <br \/>avec ce formulaire de contact. Nous vous <br \/>r\u00e9pondrons le plus rapidement possible.<\/p>\n<\/div>\n<div>\n<p><strong>Vous pouvez aussi nous joindre \u00e0 ce num\u00e9ro :<\/strong><br \/>0594303396 &#8211; 0694417288<\/p>\n<\/div>\n<p><!--more--><br \/>\n<!-- {\"type\":\"layout\",\"children\":[{\"type\":\"section\",\"props\":{\"image_position\":\"center-center\",\"overlap\":true,\"padding_remove_bottom\":true,\"padding_remove_top\":true,\"style\":\"default\",\"title_breakpoint\":\"xl\",\"title_position\":\"top-left\",\"title_rotation\":\"left\",\"vertical_align\":\"middle\",\"width\":\"\"},\"children\":[{\"type\":\"row\",\"children\":[{\"type\":\"column\",\"props\":{\"image_position\":\"center-center\",\"media_overlay_gradient\":\"\",\"position_sticky_breakpoint\":\"m\"},\"children\":[{\"type\":\"slideshow\",\"props\":{\"content_margin\":\"small\",\"content_style\":\"heading-medium\",\"image_loading\":false,\"link_fullwidth\":false,\"link_style\":\"danger\",\"link_target\":true,\"link_text\":\"www.unikalo.com\",\"margin\":\"default\",\"margin_remove_bottom\":true,\"meta_align\":\"below-title\",\"meta_element\":\"div\",\"meta_style\":\"text-meta\",\"nav\":\"dotnav\",\"nav_align\":\"center\",\"nav_breakpoint\":\"s\",\"nav_position\":\"bottom-center\",\"nav_position_margin\":\"\",\"overlay_animation\":\"scale-down\",\"overlay_container\":\"default\",\"overlay_container_padding\":\"\",\"overlay_position\":\"center-left\",\"overlay_width\":\"large\",\"show_content\":true,\"show_link\":true,\"show_meta\":true,\"show_thumbnail\":true,\"show_title\":false,\"slidenav\":\"default\",\"slidenav_breakpoint\":\"s\",\"slidenav_margin\":\"medium\",\"slidenav_outside_breakpoint\":\"xl\",\"slideshow_animation\":\"\",\"slideshow_autoplay\":true,\"slideshow_autoplay_pause\":true,\"slideshow_box_decoration\":\"\",\"slideshow_height\":\"\",\"slideshow_max_height\":\"700\",\"slideshow_min_height\":\"200\",\"thumbnav_height\":\"75\",\"thumbnav_svg_color\":\"emphasis\",\"thumbnav_width\":\"100\",\"title_element\":\"h3\",\"visibility\":\"s\"},\"children\":[{\"type\":\"slideshow_item\",\"props\":{\"content\":\"\n\n<p style=\\\"text-shadow: 6px 6px 25px rgba(0,0,0,0.55);\\\"><strong>Votre distributeur Unikalo en Guyane<br \\\/><\\\/strong><\\\/p>\",\"image\":\"wp-content\\\/uploads\\\/2023\\\/07\\\/unikalo.jpg\",\"image_alt\":\"Unikalo distibu\\u00e9 par Art et Peinture en Guyanne\",\"link\":\"https:\\\/\\\/www.unikalo.com\",\"link_text\":\"www.unikalo.com\",\"text_color\":\"light\",\"title\":\"Unikalo\"}},{\"type\":\"slideshow_item\",\"props\":{\"content\":\"\n\n<p style=\\\"text-shadow: 6px 6px 25px rgba(0,0,0,0.55);\\\"><strong>Votre distributeur Unikalo en Guyane<br \\\/><\\\/strong><\\\/p>\",\"image\":\"wp-content\\\/uploads\\\/2023\\\/05\\\/unikalo-homez.webp\",\"image_alt\":\"Unikalo distibu\\u00e9 par Art et Peinture en Guyanne\",\"link\":\"https:\\\/\\\/www.unikalo.com\",\"link_text\":\"www.unikalo.com\",\"text_color\":\"light\",\"title\":\"Unikalo\"}}]},{\"type\":\"slideshow\",\"props\":{\"content_margin\":\"small\",\"content_style\":\"h4\",\"image_loading\":false,\"link_fullwidth\":false,\"link_size\":\"small\",\"link_style\":\"primary\",\"link_target\":true,\"link_text\":\"www.unikalo.com\",\"margin\":\"default\",\"margin_remove_bottom\":true,\"meta_align\":\"below-title\",\"meta_element\":\"div\",\"meta_style\":\"text-meta\",\"nav\":\"dotnav\",\"nav_align\":\"center\",\"nav_breakpoint\":\"s\",\"nav_position\":\"bottom-center\",\"nav_position_margin\":\"\",\"overlay_animation\":\"scale-down\",\"overlay_container\":\"default\",\"overlay_container_padding\":\"\",\"overlay_position\":\"center-left\",\"overlay_width\":\"large\",\"show_content\":true,\"show_link\":true,\"show_meta\":true,\"show_thumbnail\":true,\"show_title\":false,\"slidenav\":\"default\",\"slidenav_breakpoint\":\"s\",\"slidenav_margin\":\"medium\",\"slidenav_outside_breakpoint\":\"xl\",\"slideshow_animation\":\"\",\"slideshow_autoplay\":true,\"slideshow_autoplay_pause\":true,\"slideshow_box_decoration\":\"\",\"slideshow_height\":\"\",\"slideshow_max_height\":\"700\",\"slideshow_min_height\":\"200\",\"thumbnav_height\":\"75\",\"thumbnav_svg_color\":\"emphasis\",\"thumbnav_width\":\"100\",\"title_element\":\"h3\",\"visibility\":\"hidden-s\"},\"children\":[{\"type\":\"slideshow_item\",\"props\":{\"content\":\"\n\n<p style=\\\"text-shadow: 6px 6px 25px rgba(0,0,0,0.55);\\\"><strong>Votre distributeur Unikalo en Guyane<\\\/strong><\\\/p>\",\"image\":\"wp-content\\\/uploads\\\/2023\\\/07\\\/unikalo.jpg\",\"image_alt\":\"Unikalo distibu\\u00e9 par Art et Peinture en Guyanne\",\"link\":\"https:\\\/\\\/www.unikalo.com\",\"link_text\":\"www.unikalo.com\",\"text_color\":\"light\",\"title\":\"Unikalo\"}},{\"type\":\"slideshow_item\",\"props\":{\"content\":\"\n\n<p style=\\\"text-shadow: 6px 6px 25px rgba(0,0,0,0.55);\\\"><strong>Votre distributeur Unikalo en Guyane<\\\/strong><\\\/p>\",\"image\":\"wp-content\\\/uploads\\\/2023\\\/05\\\/unikalo-homez.webp\",\"image_alt\":\"Unikalo distibu\\u00e9 par Art et Peinture en Guyanne\",\"link\":\"https:\\\/\\\/www.unikalo.com\",\"link_text\":\"www.unikalo.com\",\"text_color\":\"light\",\"title\":\"Unikalo\"}}]}]}],\"props\":{\"margin_remove_bottom\":true,\"margin_remove_top\":true}}],\"name\":\"Slider\"},{\"type\":\"section\",\"props\":{\"image_position\":\"center-center\",\"overlap\":false,\"padding_remove_top\":false,\"style\":\"muted\",\"title_breakpoint\":\"xl\",\"title_position\":\"top-left\",\"title_rotation\":\"left\",\"vertical_align\":\"middle\",\"width\":\"default\"},\"children\":[{\"type\":\"row\",\"props\":{\"layout\":\"1-2,1-2\",\"margin_remove_top\":true,\"match\":true},\"children\":[{\"type\":\"column\",\"props\":{\"image_position\":\"center-center\",\"media_overlay_gradient\":\"\",\"position_sticky_breakpoint\":\"m\",\"vertical_align\":\"middle\",\"width_medium\":\"1-2\"},\"children\":[{\"type\":\"headline\",\"props\":{\"content\":\"Besoin d'un conseil en peinture ?\",\"title_element\":\"h2\"}},{\"type\":\"text\",\"props\":{\"column_breakpoint\":\"m\",\"content\":\"\n\n<p><strong>Art &amp; Peinture<\\\/strong>, sp\\u00e9cialiste peinture et d\\u00e9co, saura vous accueillir avec des <strong>conseils<\\\/strong> <strong>couleurs<\\\/strong>, <strong>peinture<\\\/strong>, <strong>enduits<\\\/strong>, <strong>pinceaux<\\\/strong> et <strong>rouleaux<\\\/strong>. Nous sommes un distributeur ind\\u00e9pendant et avons choisi <a href=\\\"https:\\\/\\\/unikalo.com\\\/\\\">Unikalo<\\\/a>, le <strong>1<sup>er<\\\/sup> fabricant fran\\u00e7ais ind\\u00e9pendant de Peinture B\\u00e2timent<\\\/strong>.<\\\/p>\\n\n\n<p>Nous avons s\\u00e9lectionn\\u00e9 pour vous les produits les plus adapt\\u00e9s \\u00e0 notre climat:<\\\/p>\\n\n\n<ul>\\n\n\n<li>R\\u00e9sistance max aux UV<\\\/li>\\n\n\n<li>R\\u00e9sistance max aux Intemp\\u00e9ries et \\u00e0 l'humidit\\u00e9.<\\\/li>\\n<\\\/ul>\",\"margin\":\"default\",\"text_style\":\"large\"}},{\"type\":\"text\",\"props\":{\"column_breakpoint\":\"m\",\"content\":\"\n\n<p><strong>A tr\\u00e8s vite dans\\u00a0votre\\u00a0magasin.<\\\/strong><\\\/p>\",\"margin\":\"default\",\"text_style\":\"large\"}}]},{\"type\":\"column\",\"props\":{\"image_position\":\"center-center\",\"media_overlay_gradient\":\"\",\"position_sticky_breakpoint\":\"m\",\"vertical_align\":\"middle\",\"width_medium\":\"1-2\"},\"children\":[{\"type\":\"slideshow\",\"props\":{\"link_style\":\"default\",\"link_text\":\"Read more\",\"margin\":\"default\",\"meta_align\":\"below-title\",\"meta_element\":\"div\",\"meta_style\":\"text-meta\",\"nav\":\"dotnav\",\"nav_align\":\"center\",\"nav_breakpoint\":\"s\",\"nav_position\":\"bottom-center\",\"nav_position_margin\":\"medium\",\"overlay_animation\":\"parallax\",\"overlay_position\":\"center-left\",\"show_content\":false,\"show_link\":false,\"show_meta\":false,\"show_thumbnail\":true,\"show_title\":false,\"slidenav\":\"default\",\"slidenav_breakpoint\":\"s\",\"slidenav_margin\":\"medium\",\"slidenav_outside_breakpoint\":\"xl\",\"slideshow_autoplay\":true,\"slideshow_autoplay_pause\":true,\"slideshow_height\":\"\",\"slideshow_kenburns\":\"alternate\",\"slideshow_min_height\":\"480\",\"thumbnav_height\":\"75\",\"thumbnav_svg_color\":\"emphasis\",\"thumbnav_width\":\"100\",\"title_element\":\"h3\"},\"children\":[{\"type\":\"slideshow_item\",\"props\":{\"image\":\"wp-content\\\/uploads\\\/2023\\\/05\\\/pexels-anete-lusina-4792532-scaled.jpg\"}},{\"type\":\"slideshow_item\",\"props\":{\"image\":\"wp-content\\\/uploads\\\/2023\\\/05\\\/pexels-vlada-karpovich-7031624-scaled.jpg\"}},{\"type\":\"slideshow_item\",\"props\":{\"image\":\"wp-content\\\/uploads\\\/2023\\\/05\\\/pexels-moussa-idrissi-15531195-scaled.jpg\"}},{\"type\":\"slideshow_item\",\"props\":{\"image\":\"wp-content\\\/uploads\\\/2023\\\/05\\\/pexels-ksenia-chernaya-5691597-scaled.jpg\"}},{\"type\":\"slideshow_item\",\"props\":{\"image\":\"wp-content\\\/uploads\\\/2023\\\/05\\\/pexels-rfstudio-3817657-scaled.jpg\"}}]}]}]}]},{\"type\":\"section\",\"props\":{\"animation\":\"fade\",\"id\":\"noustrouver\",\"image_position\":\"center-center\",\"padding\":\"large\",\"style\":\"default\",\"title_breakpoint\":\"xl\",\"title_position\":\"top-left\",\"title_rotation\":\"left\",\"vertical_align\":\"middle\",\"width\":\"default\"},\"children\":[{\"type\":\"row\",\"props\":{\"css\":\"\\nstrong{\\n\\tfont-weight:bolder\\n}\",\"layout\":\"1-2,1-2\",\"width\":\"large\"},\"children\":[{\"type\":\"column\",\"props\":{\"image_position\":\"center-center\",\"media_overlay_gradient\":\"\",\"position_sticky_breakpoint\":\"m\",\"vertical_align\":\"middle\",\"width_medium\":\"1-2\"},\"children\":[{\"type\":\"map\",\"props\":{\"animation\":\"slide-right-medium\",\"content_margin\":\"small\",\"controls\":true,\"dragging\":true,\"image_svg_color\":\"emphasis\",\"link_style\":\"default\",\"link_text\":\"Read more\",\"margin\":\"default\",\"max_zoom\":18,\"meta_align\":\"below-title\",\"meta_element\":\"div\",\"meta_style\":\"text-meta\",\"min_zoom\":0,\"poi\":false,\"show_content\":false,\"show_image\":true,\"show_link\":true,\"show_meta\":false,\"show_title\":false,\"title_color\":\"background\",\"title_decoration\":\"divider\",\"title_element\":\"h6\",\"title_font_family\":\"secondary\",\"title_hover_style\":\"reset\",\"type\":\"roadmap\",\"viewport_height\":\"\",\"zoom\":\"13\",\"zooming\":true},\"children\":[{\"type\":\"map_item\",\"props\":{\"content\":\"\n\n<p>Distributeur Unikalo<\\\/p>\",\"hide\":false,\"location\":\"4.90097,-52.32813\",\"show_popup\":true,\"title\":\"Art et Peinture\"}}]}]},{\"type\":\"column\",\"props\":{\"image_position\":\"center-center\",\"media_overlay_gradient\":\"\",\"position_sticky_breakpoint\":\"m\",\"vertical_align\":\"middle\",\"width_medium\":\"1-2\"},\"children\":[{\"type\":\"headline\",\"props\":{\"content\":\"Nous trouver.\",\"title_element\":\"h2\"}},{\"type\":\"text\",\"props\":{\"column_breakpoint\":\"m\",\"content\":\"\n\n<p>Nous sommes situ\\u00e9s en plein c\\u0153ur de Cayenne, n\\u2019h\\u00e9sitez pas \\u00e0 nous ajouter\\u00a0 \\u00e0 votre carnet d\\u2019adresses, \\u00e0 tr\\u00e8s vite.<\\\/p>\",\"margin\":\"default\",\"text_style\":\"large\"}},{\"type\":\"text\",\"props\":{\"column_breakpoint\":\"m\",\"content\":\"\n\n<p><strong>Art et Peinture<\\\/strong><br \\\/>20 rue Gilles B\\u00e9hary ZI collery 2 <br \\\/>97300 Cayenne<\\\/p>\",\"margin\":\"default\",\"text_style\":\"large\"}},{\"type\":\"text\",\"props\":{\"column_breakpoint\":\"m\",\"content\":\"\n\n<p>Art et Peinture vous accueille du<strong> lundi au vendredi<\\\/strong> de <strong>7h \\u00e0 17h<\\\/strong> et le <strong>samedi<\\\/strong> de<strong> 9h \\u00e0 17h<\\\/strong>.<\\\/p>\",\"margin\":\"default\",\"text_style\":\"large\"}}]}]}],\"name\":\"Nous trouver\"},{\"type\":\"section\",\"props\":{\"id\":\"contact\",\"image_position\":\"center-center\",\"style\":\"muted\",\"title_breakpoint\":\"xl\",\"title_position\":\"top-left\",\"title_rotation\":\"left\",\"vertical_align\":\"middle\",\"width\":\"default\"},\"children\":[{\"type\":\"row\",\"props\":{\"layout\":\"1-2,1-2\",\"width\":\"large\"},\"children\":[{\"type\":\"column\",\"props\":{\"css\":\"\\nstrong{\\n\\tfont-weight:800;\\n}\",\"image_position\":\"center-center\",\"media_overlay_gradient\":\"\",\"position_sticky_breakpoint\":\"m\",\"vertical_align\":\"middle\",\"width_medium\":\"1-2\"},\"children\":[{\"type\":\"headline\",\"props\":{\"content\":\"Nous contacter.\",\"title_element\":\"h2\"}},{\"type\":\"text\",\"props\":{\"column_breakpoint\":\"m\",\"content\":\"\n\n<p>Ici, vous pouvez demander des renseignements, <br \\\/>des informations, r\\u00e9aliser des pr\\u00e9commandes <br \\\/>avec ce formulaire de contact. Nous vous <br \\\/>r\\u00e9pondrons le plus rapidement possible.<\\\/p>\",\"margin\":\"default\",\"text_style\":\"large\"}},{\"type\":\"text\",\"props\":{\"column_breakpoint\":\"m\",\"content\":\"\n\n<p><strong>Vous pouvez aussi nous joindre \\u00e0 ce num\\u00e9ro :<\\\/strong><br \\\/>0594303396 - 0694417288<\\\/p>\",\"margin\":\"default\",\"text_style\":\"large\"}}]},{\"type\":\"column\",\"props\":{\"image_position\":\"center-center\",\"media_overlay_gradient\":\"\",\"position_sticky_breakpoint\":\"m\",\"vertical_align\":\"middle\",\"width_medium\":\"1-2\"},\"children\":[{\"type\":\"module_position\",\"props\":{\"breakpoint\":\"m\",\"class\":\"uk-form-stacked\",\"content\":\"builder-2\",\"layout\":\"stack\"}}]}]}],\"name\":\"Contact\"}],\"version\":\"3.0.32\"} --><\/p>\n","protected":false},"excerpt":{"rendered":"<p>Unikalo Votre distributeur Unikalo en Guyane www.unikalo.com Unikalo Votre distributeur Unikalo en Guyane www.unikalo.com Unikalo Votre distributeur Unikalo en Guyane www.unikalo.com Unikalo Votre distributeur Unikalo en Guyane www.unikalo.com Besoin d&rsquo;un conseil en peinture ? Art &amp; Peinture, sp\u00e9cialiste peinture et d\u00e9co, saura vous accueillir avec des conseils couleurs, peinture, enduits, pinceaux et rouleaux. Nous sommes [&hellip;]<\/p>\n","protected":false},"author":1,"featured_media":0,"parent":0,"menu_order":0,"comment_status":"closed","ping_status":"closed","template":"","meta":{"footnotes":""},"class_list":["post-12","page","type-page","status-publish","hentry"],"_links":{"self":[{"href":"https:\/\/www.artetpeinture.com\/index.php\/wp-json\/wp\/v2\/pages\/12","targetHints":{"allow":["GET"]}}],"collection":[{"href":"https:\/\/www.artetpeinture.com\/index.php\/wp-json\/wp\/v2\/pages"}],"about":[{"href":"https:\/\/www.artetpeinture.com\/index.php\/wp-json\/wp\/v2\/types\/page"}],"author":[{"embeddable":true,"href":"https:\/\/www.artetpeinture.com\/index.php\/wp-json\/wp\/v2\/users\/1"}],"replies":[{"embeddable":true,"href":"https:\/\/www.artetpeinture.com\/index.php\/wp-json\/wp\/v2\/comments?post=12"}],"version-history":[{"count":134,"href":"https:\/\/www.artetpeinture.com\/index.php\/wp-json\/wp\/v2\/pages\/12\/revisions"}],"predecessor-version":[{"id":227,"href":"https:\/\/www.artetpeinture.com\/index.php\/wp-json\/wp\/v2\/pages\/12\/revisions\/227"}],"wp:attachment":[{"href":"https:\/\/www.artetpeinture.com\/index.php\/wp-json\/wp\/v2\/media?parent=12"}],"curies":[{"name":"wp","href":"https:\/\/api.w.org\/{rel}","templated":true}]}}